{"id":108,"date":"2021-05-18T18:53:48","date_gmt":"2021-05-18T18:53:48","guid":{"rendered":"https:\/\/aerztehaus-am-werreufer.de\/?page_id=108"},"modified":"2021-05-31T16:53:20","modified_gmt":"2021-05-31T16:53:20","slug":"impressum","status":"publish","type":"page","link":"https:\/\/aerztehaus-am-werreufer.de\/index.php\/impressum\/","title":{"rendered":"Impressum"},"content":{"rendered":"\n\n\n\n[et_pb_section fb_built=&#8220;1&#8243; admin_label=&#8220;Header&#8220; _builder_version=&#8220;4.9.4&#8243; use_background_color_gradient=&#8220;on&#8220; background_color_gradient_start=&#8220;rgba(255,255,255,0.89)&#8220; background_color_gradient_end=&#8220;rgba(255,255,255,0)&#8220; background_color_gradient_type=&#8220;radial&#8220; background_color_gradient_direction_radial=&#8220;bottom left&#8220; background_color_gradient_start_position=&#8220;11%&#8220; background_color_gradient_end_position=&#8220;30%&#8220; background_color_gradient_overlays_image=&#8220;on&#8220; background_image=&#8220;https:\/\/aerztehaus-am-werreufer.de\/wp-content\/uploads\/2021\/05\/IMG_4138.jpg&#8220; custom_padding=&#8220;8vw|0px|0|0px|false|false&#8220; hover_enabled=&#8220;0&#8243; locked=&#8220;off&#8220; title_text=&#8220;IMG_4138&#8243; sticky_enabled=&#8220;0&#8243;][\/et_pb_section][et_pb_section fb_built=&#8220;1&#8243; admin_label=&#8220;Driving Directions&#8220; _builder_version=&#8220;3.22&#8243;][et_pb_row column_structure=&#8220;1_2,1_2&#8243; _builder_version=&#8220;4.9.4&#8243; hover_enabled=&#8220;0&#8243; sticky_enabled=&#8220;0&#8243;][et_pb_column type=&#8220;1_2&#8243; _builder_version=&#8220;3.25&#8243; custom_padding=&#8220;|||&#8220; custom_padding__hover=&#8220;|||&#8220;][et_pb_text _builder_version=&#8220;4.9.4&#8243; text_font=&#8220;||||||||&#8220; text_font_size=&#8220;16px&#8220; text_line_height=&#8220;2em&#8220; header_font=&#8220;||||||||&#8220; header_2_font=&#8220;Raleway|700|||||||&#8220; header_2_font_size=&#8220;50px&#8220; header_2_line_height=&#8220;1.4em&#8220; header_6_font=&#8220;Raleway|700||on|||||&#8220; header_6_font_size=&#8220;16px&#8220; header_6_letter_spacing=&#8220;5px&#8220; header_6_line_height=&#8220;1.8em&#8220; max_width=&#8220;700px&#8220; module_alignment=&#8220;center&#8220; hover_enabled=&#8220;0&#8243; header_2_font_size_tablet=&#8220;35px&#8220; header_2_font_size_phone=&#8220;25px&#8220; header_2_font_size_last_edited=&#8220;on|phone&#8220; sticky_enabled=&#8220;0&#8243; text_text_color=&#8220;#000000&#8243;]<h6>Information<\/h6>\n<h2>Impressum<\/h2>\n<div id=\"stage\" class=\"centered clearfix\">\n<div id=\"columns\" class=\"clearfix\">\n<div id=\"doublecol\">\n<div class=\"clearfix\">\n<div class=\"maincol\">\n<div class=\"celement\" id=\"c5\">\n<h1>Impressum<\/h1>\n<p>Verantwortlich f\u00fcr den Inhalt dieser Webseite ist die:<\/p>\n<p>Grund.auf GmbH<br \/>Friedrich-Hagemann-Str. 62<br \/>33719 Bielefeld<\/p>\n<p>Fon 05 21.96 29 61 0<br \/>E-Mail: <a href=\"mailto:info@aerztehaus-am\">info@aerztehaus-am-werreufer.de<\/a><\/p>\n<p>Amtsgericht Bielefeld | HRB 43414<br \/>Gesch\u00e4ftsf\u00fchrer: B.A. Dominik Hempelmann, Dip. Ing. (FH) Jens Gr\u00fcnert<\/p>\n<p>Umsatzsteuer-Ident-Nr.: DE 324864801<br \/>Finanzamt Bielefeld<\/p>\n<p>Pers\u00f6nlich haftende Gesellschafterin:<\/p>\n<p>Firma Mustermann<br \/>Amtsgericht xxx | HRB xxxx<br \/>Gesch\u00e4ftsf\u00fchrer: Max Mustermann<\/p>\n<p>Aufsichtsbeh\u00f6rde:<br \/>Genehmigung nach \u00a7 34c GewO<br \/>Kreis Lippe, der Landrat<br \/>Felix-Fechbach-Str. 5| 32756 Detmold<\/p>\n<p>Der Inhalt dieser Website ist urheberrechtlich gesch\u00fctzt. Die Vervielf\u00e4ltigung von Informationen oder Daten, insbesondere die Verwendung von Texten, Textteilen oder Bildmaterial bedarf der vorherigen Zustimmung der Grund.auf GmbH.<\/p>\n<p>Haftungsausschluss<\/p>\n<p>Die Inhalte dieser Website werden mit gr\u00f6\u00dftm\u00f6glicher Sorgfalt recherchiert und implementiert. Fehler im Bearbeitungsvorgang sind dennoch nicht auszuschlie\u00dfen. Hinweise und Korrekturen senden Sie bitte an die hier aufgef\u00fchrte Adresse.<\/p>\n<p>Eine Haftung f\u00fcr die Richtigkeit, Vollst\u00e4ndigkeit und Aktualit\u00e4t dieser Webseiten kann trotz sorgf\u00e4ltiger Pr\u00fcfung nicht \u00fcbernommen werden. Die Grund.auf GmbH \u00fcbernimmt insbesondere keinerlei Haftung f\u00fcr eventuelle Sch\u00e4den oder Konsequenzen, die durch die direkte oder indirekte Nutzung der angebotenen Inhalte entstehen. Die Grund.auf GmbH<br \/>beh\u00e4lt sich vor, ohne Ank\u00fcndigung \u00c4nderungen oder Erg\u00e4nzungen der bereitgestellten Informationen oder Daten vorzunehmen.<\/p>\n<p>Die Grund.auf GmbH ist als Inhaltsanbieter f\u00fcr die eigenen Inhalte, die sie zur Nutzung bereith\u00e4lt, nach den allgemeinen Gesetzen verantwortlich. Von diesen eigenen Inhalten sind Querverweise (&#8222;externe Links&#8220;) auf die von anderen Anbietern bereitgehaltenen Inhalte zu unterscheiden. Diese fremden Inhalte stammen weder von der Grund.auf GmbH, noch hat die Grund.auf GmbH die M\u00f6glichkeit, den Inhalt von Seiten Dritter zu beeinflussen. Die Inhalte fremder Seiten, auf die die Grund.auf GmbH mittels Links hinweist, spiegeln nicht die Meinung der Grund.auf GmbH wider, sondern dienen lediglich der Information und der Darstellung von Zusammenh\u00e4ngen. Die Grund.auf GmbH haftet nicht f\u00fcr fremde Inhalte, auf die lediglich im oben genannten Sinne hingewiesen wird. Die Verantwortlichkeit liegt alleine bei dem Anbieter der Inhalte.<\/p>\n<p>Online-Streitbeilegung<\/p>\n<p>Plattform der EU zur au\u00dfer\u00adge\u00adrichtlichen Online-Streit\u00adbeilegung: <a href=\"http:\/\/ec.europa.eu\/consumers\/odr\" target=\"_blank\" rel=\"noopener\">http:\/\/ec.europa.eu\/consumers\/odr<\/a><\/p>\n<p>Wir sind nicht bereit und nicht ver\u00adpflichtet, an einem Streit\u00adbei\u00adlegungs\u00adver\u00adfahren vor einer Ver\u00adbraucher\u00adschlichtungs\u00adstelle teil\u00adzu\u00adnehmen.<\/p>\n<p>Urhebernachweis &amp; Copyright<\/p>\n<p>Visualisierungen, Grundrisse, Pl\u00e4ne, Ausblick \u00fcber Detmold vom \u00c4rztehaus am Werreufter: Grund.auf GmbH<\/p>\n<p>Sonstige Motive: Adobe Stock<\/p>\n<\/div>\n<\/div>\n<\/div>\n<\/div>\n<\/div>\n<\/div>[\/et_pb_text][\/et_pb_column][et_pb_column type=&#8220;1_2&#8243; _builder_version=&#8220;3.25&#8243; custom_padding=&#8220;|||&#8220; custom_padding__hover=&#8220;|||&#8220;][\/et_pb_column][\/et_pb_row][\/et_pb_section]\n\n\n\n","protected":false},"excerpt":{"rendered":"","protected":false},"author":1,"featured_media":0,"parent":0,"menu_order":0,"comment_status":"closed","ping_status":"closed","template":"","meta":{"_et_pb_use_builder":"on","_et_pb_old_content":"","_et_gb_content_width":"","footnotes":""},"class_list":["post-108","page","type-page","status-publish","hentry"],"_links":{"self":[{"href":"https:\/\/aerztehaus-am-werreufer.de\/index.php\/wp-json\/wp\/v2\/pages\/108","targetHints":{"allow":["GET"]}}],"collection":[{"href":"https:\/\/aerztehaus-am-werreufer.de\/index.php\/wp-json\/wp\/v2\/pages"}],"about":[{"href":"https:\/\/aerztehaus-am-werreufer.de\/index.php\/wp-json\/wp\/v2\/types\/page"}],"author":[{"embeddable":true,"href":"https:\/\/aerztehaus-am-werreufer.de\/index.php\/wp-json\/wp\/v2\/users\/1"}],"replies":[{"embeddable":true,"href":"https:\/\/aerztehaus-am-werreufer.de\/index.php\/wp-json\/wp\/v2\/comments?post=108"}],"version-history":[{"count":6,"href":"https:\/\/aerztehaus-am-werreufer.de\/index.php\/wp-json\/wp\/v2\/pages\/108\/revisions"}],"predecessor-version":[{"id":224,"href":"https:\/\/aerztehaus-am-werreufer.de\/index.php\/wp-json\/wp\/v2\/pages\/108\/revisions\/224"}],"wp:attachment":[{"href":"https:\/\/aerztehaus-am-werreufer.de\/index.php\/wp-json\/wp\/v2\/media?parent=108"}],"curies":[{"name":"wp","href":"https:\/\/api.w.org\/{rel}","templated":true}]}}